{"id":11,"date":"2017-02-18T10:48:48","date_gmt":"2017-02-18T09:48:48","guid":{"rendered":"https:\/\/filarmonicaverzaschese.ch\/new\/?page_id=11"},"modified":"2018-01-30T21:29:14","modified_gmt":"2018-01-30T20:29:14","slug":"i-presidenti","status":"publish","type":"page","link":"https:\/\/filarmonicaverzaschese.ch\/new\/i-presidenti\/","title":{"rendered":"Il saluto del presidente"},"content":{"rendered":"<p>\u00c8 con grande piacere che vi porgo il mio saluto quale neo eletto Presidente della Filarmonica Verzaschese, societ\u00e0 nella quale ho avuto il piacere, pi\u00f9 di trent\u2019anni fa di avvicinarmi alla musica e di suonare nell\u2019ancora Concertino Verzaschese che posso definire \u201cfondamenta\u201d dell\u2019attuale filarmonica.<\/p>\n<p>Come per tutti la vita cambia gli orizzonti e anche per il sottoscritto dopo alcuni anni di presenza ho abbandonato la musica per altre sfide, pur apprezzando la qualit\u00e0 musicale, sempre in crescita, della Filarmonica, e con un particolare plauso per l\u2019impegno nella formazione dei giovani che dalla scuola musica, passando per la minibanda giungono molto ben preparati agli esami cantonali della FEBATI, entrando a pieno titolo tra le fila della banda principale.<\/p>\n<p>In considerazione della grande passione per la musica, nonch\u00e9 dello spirito che contraddistingue la grande famiglia della Filarmonica, nella banda troviamo ancora musicanti che hanno mantenuto la passione per la musica praticamente dal suo nascere, formando lo \u201czoccolo duro\u201d che funge da stimolo per le nuove leve.<\/p>\n<p>La direzione della banda \u00e8 affidata al maestro Andrea Cupia.<\/p>\n<p>Per il futuro, oltre alle molteplici attivit\u00e0, la Filarmonica Verzaschese deve affrontare la sfida per la creazione di una propria sede, aspetto determinante per il prosequio delle attivit\u00e0 dovendo abbandonare l\u2019attuale sala prove. L\u2019impegno per la concretizzazione del progetto di nuova sede \u00e8 notevole, tuttavia siamo convinti che con l\u2019impegno da parte di tutti saremo in grado di realizzare il sogno di avere \u201ccasa propria\u201d.<\/p>\n<p>Termino ringraziando chi mi ha preceduto alla guida della Filarmonica, i membri di comitato, i maestri di musica e responsabile scuola musica, gli allievi e musicanti per il grande impegno nella presenza alle prove e ai concerti, nonch\u00e9 tutte le persone che partecipano attivamente alla vita della societ\u00e0. Un grande e particolare grazie al gruppo ricreativo, sempre molto attivo nell\u2019organizzazione di eventi a favore delle attivit\u00e0 della banda e soprattutto dei giovani allievi.<\/p>\n<p>Saverio Foletta<\/p>\n","protected":false},"excerpt":{"rendered":"<p>\u00c8 con grande piacere che vi porgo il mio saluto quale neo eletto Presidente della Filarmonica Verzaschese, societ\u00e0 nella quale ho avuto il piacere, pi\u00f9 di trent\u2019anni fa di avvicinarmi alla musica e di suonare[&#8230;]<\/p>\n","protected":false},"author":1,"featured_media":0,"parent":0,"menu_order":0,"comment_status":"closed","ping_status":"closed","template":"","meta":{"footnotes":""},"_links":{"self":[{"href":"https:\/\/filarmonicaverzaschese.ch\/new\/wp-json\/wp\/v2\/pages\/11"}],"collection":[{"href":"https:\/\/filarmonicaverzaschese.ch\/new\/wp-json\/wp\/v2\/pages"}],"about":[{"href":"https:\/\/filarmonicaverzaschese.ch\/new\/wp-json\/wp\/v2\/types\/page"}],"author":[{"embeddable":true,"href":"https:\/\/filarmonicaverzaschese.ch\/new\/wp-json\/wp\/v2\/users\/1"}],"replies":[{"embeddable":true,"href":"https:\/\/filarmonicaverzaschese.ch\/new\/wp-json\/wp\/v2\/comments?post=11"}],"version-history":[{"count":5,"href":"https:\/\/filarmonicaverzaschese.ch\/new\/wp-json\/wp\/v2\/pages\/11\/revisions"}],"predecessor-version":[{"id":168,"href":"https:\/\/filarmonicaverzaschese.ch\/new\/wp-json\/wp\/v2\/pages\/11\/revisions\/168"}],"wp:attachment":[{"href":"https:\/\/filarmonicaverzaschese.ch\/new\/wp-json\/wp\/v2\/media?parent=11"}],"curies":[{"name":"wp","href":"https:\/\/api.w.org\/{rel}","templated":true}]}}