{"id":13,"date":"2017-02-18T10:49:00","date_gmt":"2017-02-18T09:49:00","guid":{"rendered":"https:\/\/filarmonicaverzaschese.ch\/new\/?page_id=13"},"modified":"2017-04-12T18:02:41","modified_gmt":"2017-04-12T16:02:41","slug":"scuola-allievi","status":"publish","type":"page","link":"https:\/\/filarmonicaverzaschese.ch\/new\/scuola-allievi\/","title":{"rendered":"Scuola allievi"},"content":{"rendered":"<p>Musica? Passione, divertimento, impegno, dedizione, &#8230; Tante sono le parole che accomunano coloro che amano fare musica. Ogni anno con tantissima di questa passione, di questo divertimento, ma anche con molto impegno e molta dedizione, nella Scuola di Musica della Filarmonica Verzaschese vengono formate le nuove leve, che poco alla volta andranno a rimpolpare l\u2019organico della \u201cgrande banda\u201d.<br \/>\nL\u2019iscrizione \u00e8 aperta a tutti, dai nove anni in su&#8230; Unico requisito? La voglia di fare bella musica&#8230;<br \/>\nL\u2019apprendimento alla Scuola di Musica dura 4 anni ed in questo periodo gli allievi possono appassionarsi ad uno strumento ed imparare le nozioni teoriche necessarie.\u2028 Durante i primi due anni vengono proposte due ore settimanali divise equamente tra lezioni individuali di strumento e lezioni in gruppo di teoria.<br \/>\nA partire dal 3\u00b0 anno le cose si fanno ancora pi\u00f9 divertenti, in quanto gli allievi, oltre a continuare teoria e pratica, hanno la fantastica opportunit\u00e0 di iniziare con la Minibanda; una\u2028 banda che, come dice la parola stessa, \u00e8 in formazione ridotta, e nella quale iniziare ad approcciarsi alla musica d\u2019assieme. Ogni mercoled\u00ec pomeriggio i ragazzi si ritrovano, sotto la guida del maestro <strong>Luigi Donato<\/strong>, a suonare assieme e a preparare le varie occasioni in cui si inizier\u00e0 ad esporsi al pubblico, come ad esempio la Festa Cantonale delle Minibande o l\u2019apertura del tradizionale Concerto di Gala della Filarmonica Verzaschese.<br \/>\nNaturalmente, oltre al divertimento dello stare assieme, ravvivato anche da vari incontri extra musicali, come cene e passeggiate, vi devono essere anche dedizione ed impegno. Purtroppo o per fortuna, come in ogni scuola che si rispetti alla fine dell\u2019anno bisogna dar prova di ci\u00f2 che si \u00e8 imparato e se per i primi tre anni le cose sono gestite \u201cin famiglia\u201d, per quanto riguarda la fine del quarto anno invece, bisogna affrontare l\u2019esame centralizzato della FeBaTi (Federazione Bandistica Ticinese) a Bellinzona, il quale conclude la formazione della Scuola di Musica.<br \/>\nMa il bello deve ancora venire e con l\u2019entrata in banda i ragazzi possono davvero scoprire la bellezza di far parte di un gruppo, stare assieme e fare musica, continuando sempre e comunque ad imparare e migliorarsi.<br \/>\nChe la musica sia una parte fondamentale della vita di tutti noi \u00e8 innegabile, ma chi, oltre ad ascoltare musica, ha la grande fortuna di fare musica, avr\u00e0 sempre una marcia in pi\u00f9!<br \/>\nBarbara Molteni, responsabile Scuola di musica<\/p>\n","protected":false},"excerpt":{"rendered":"<p>Musica? Passione, divertimento, impegno, dedizione, &#8230; Tante sono le parole che accomunano coloro che amano fare musica. Ogni anno con tantissima di questa passione, di questo divertimento, ma anche con molto impegno e molta dedizione,[&#8230;]<\/p>\n","protected":false},"author":1,"featured_media":0,"parent":0,"menu_order":0,"comment_status":"closed","ping_status":"closed","template":"","meta":{"footnotes":""},"class_list":["post-13","page","type-page","status-publish","hentry"],"_links":{"self":[{"href":"https:\/\/filarmonicaverzaschese.ch\/new\/wp-json\/wp\/v2\/pages\/13","targetHints":{"allow":["GET"]}}],"collection":[{"href":"https:\/\/filarmonicaverzaschese.ch\/new\/wp-json\/wp\/v2\/pages"}],"about":[{"href":"https:\/\/filarmonicaverzaschese.ch\/new\/wp-json\/wp\/v2\/types\/page"}],"author":[{"embeddable":true,"href":"https:\/\/filarmonicaverzaschese.ch\/new\/wp-json\/wp\/v2\/users\/1"}],"replies":[{"embeddable":true,"href":"https:\/\/filarmonicaverzaschese.ch\/new\/wp-json\/wp\/v2\/comments?post=13"}],"version-history":[{"count":3,"href":"https:\/\/filarmonicaverzaschese.ch\/new\/wp-json\/wp\/v2\/pages\/13\/revisions"}],"predecessor-version":[{"id":118,"href":"https:\/\/filarmonicaverzaschese.ch\/new\/wp-json\/wp\/v2\/pages\/13\/revisions\/118"}],"wp:attachment":[{"href":"https:\/\/filarmonicaverzaschese.ch\/new\/wp-json\/wp\/v2\/media?parent=13"}],"curies":[{"name":"wp","href":"https:\/\/api.w.org\/{rel}","templated":true}]}}